{"id":558,"date":"2021-04-01T08:07:14","date_gmt":"2021-04-01T08:07:14","guid":{"rendered":"http:\/\/www.nicdarkthemes.com\/themes\/seafood\/wp\/demo\/seafood\/?page_id=558"},"modified":"2025-05-29T02:10:29","modified_gmt":"2025-05-29T00:10:29","slug":"fruehstueck","status":"publish","type":"page","link":"https:\/\/pension-wieser.at\/de\/fruehstueck\/","title":{"rendered":"Fr\u00fchst\u00fcck"},"content":{"rendered":"\t\t<div data-elementor-type=\"wp-page\" data-elementor-id=\"558\" class=\"elementor elementor-558\" data-elementor-post-type=\"page\">\n\t\t\t\t\t\t<section class=\"elementor-section elementor-top-section elementor-element elementor-element-169add2f elementor-section-stretched elementor-section-content-middle elementor-section-boxed elementor-section-height-default elementor-section-height-default\" data-id=\"169add2f\" data-element_type=\"section\" data-settings=\"{&quot;stretch_section&quot;:&quot;section-stretched&quot;,&quot;background_background&quot;:&quot;classic&quot;}\">\n\t\t\t\t\t\t\t<div class=\"elementor-background-overlay\"><\/div>\n\t\t\t\t\t\t\t<div class=\"elementor-container elementor-column-gap-default\">\n\t\t\t\t\t<div class=\"elementor-column elementor-col-100 elementor-top-column elementor-element elementor-element-8e79d9\" data-id=\"8e79d9\" data-element_type=\"column\">\n\t\t\t<div class=\"elementor-widget-wrap elementor-element-populated\">\n\t\t\t\t\t\t<div class=\"elementor-element elementor-element-1b699525 elementor-widget elementor-widget-heading\" data-id=\"1b699525\" data-element_type=\"widget\" data-widget_type=\"heading.default\">\n\t\t\t\t<div class=\"elementor-widget-container\">\n\t\t\t\t\t<h1 class=\"elementor-heading-title elementor-size-default\">Fr\u00fchst\u00fcck<\/h1>\t\t\t\t<\/div>\n\t\t\t\t<\/div>\n\t\t\t\t\t<\/div>\n\t\t<\/div>\n\t\t\t\t\t<\/div>\n\t\t<\/section>\n\t\t\t\t<section class=\"elementor-section elementor-top-section elementor-element elementor-element-d2f9709 elementor-section-stretched elementor-section-boxed elementor-section-height-default elementor-section-height-default\" data-id=\"d2f9709\" data-element_type=\"section\" data-settings=\"{&quot;stretch_section&quot;:&quot;section-stretched&quot;,&quot;background_background&quot;:&quot;classic&quot;}\">\n\t\t\t\t\t\t<div class=\"elementor-container elementor-column-gap-default\">\n\t\t\t\t\t<div class=\"elementor-column elementor-col-100 elementor-top-column elementor-element elementor-element-af4455e\" data-id=\"af4455e\" data-element_type=\"column\">\n\t\t\t<div class=\"elementor-widget-wrap elementor-element-populated\">\n\t\t\t\t\t\t<div class=\"elementor-element elementor-element-37f1618 elementor-widget elementor-widget-heading\" data-id=\"37f1618\" data-element_type=\"widget\" data-widget_type=\"heading.default\">\n\t\t\t\t<div class=\"elementor-widget-container\">\n\t\t\t\t\t<h2 class=\"elementor-heading-title elementor-size-default\">Fr\u00fchst\u00fcck<\/h2>\t\t\t\t<\/div>\n\t\t\t\t<\/div>\n\t\t\t\t<div class=\"elementor-element elementor-element-62ae4a1 elementor-widget elementor-widget-text-editor\" data-id=\"62ae4a1\" data-element_type=\"widget\" data-widget_type=\"text-editor.default\">\n\t\t\t\t<div class=\"elementor-widget-container\">\n\t\t\t\t\t\t\t\t\t<p>Genie\u00dfen Sie t\u00e4glich unser reichhaltiges Fr\u00fchst\u00fccksbuffet.<\/p><p>\u00a0<\/p><p>Fr\u00fchst\u00fccken ist f\u00fcr uns mehr als die erste Nahrungsaufnahme des Tages. Bei uns fr\u00fchst\u00fcckt nicht nur der Mund, sondern auch das Auge.<\/p><p>\u00a0<\/p><p><strong data-start=\"171\" data-end=\"255\">Robert \u2013 gelernter Koch \u2013 bereitet das Fr\u00fchst\u00fcck mit viel Liebe und Vielfalt zu.<\/strong> Auf Wunsch ber\u00fccksichtigt er gerne individuelle Bed\u00fcrfnisse, etwa bei Nahrungsunvertr\u00e4glichkeiten oder besonderen Ern\u00e4hrungsformen.\u00a0 Auch vegetarische und vegane Fr\u00fchst\u00fccksvarianten sind selbstverst\u00e4ndlich m\u00f6glich \u2013 damit jeder Gast genussvoll in den Tag starten kann. Kommunizieren Sie uns Sonderw\u00fcnsche bitte einfach vorab.<\/p><p>\u00a0<\/p><p>Nehmen Sie sich Zeit f\u00fcr unser wohlschmeckendes und nahrhaftes Fr\u00fchst\u00fcck \u2013 der perfekte Start in einen erlebnisreichen Tag!<\/p><p>\u00a0<\/p><p>Fr\u00fchst\u00fcckskernzeit: <strong>7.30 \u2013 10.30 Uhr (Sonderzeiten bitte auch vorab bekannt geben!)<\/strong><\/p><div id=\"urban-overlay\" style=\"left: -10px; top: -10px; width: 0px; height: 0px;\">\u00a0<\/div>\t\t\t\t\t\t\t\t<\/div>\n\t\t\t\t<\/div>\n\t\t\t\t<div class=\"elementor-element elementor-element-06ca969 gallery-spacing-custom elementor-widget__width-auto elementor-widget elementor-widget-image-gallery\" data-id=\"06ca969\" data-element_type=\"widget\" data-widget_type=\"image-gallery.default\">\n\t\t\t\t<div class=\"elementor-widget-container\">\n\t\t\t\t\t\t\t<div class=\"elementor-image-gallery\">\n\t\t\t\n\t\t<style type=\"text\/css\">\n\t\t\t#gallery-1 {\n\t\t\t\tmargin: auto;\n\t\t\t}\n\t\t\t#gallery-1 .gallery-item {\n\t\t\t\tfloat: left;\n\t\t\t\tmargin-top: 10px;\n\t\t\t\ttext-align: center;\n\t\t\t\twidth: 33%;\n\t\t\t}\n\t\t\t#gallery-1 img {\n\t\t\t\tborder: 2px solid #cfcfcf;\n\t\t\t}\n\t\t\t#gallery-1 .gallery-caption {\n\t\t\t\tmargin-left: 0;\n\t\t\t}\n\t\t\t\/* see gallery_shortcode() in wp-includes\/media.php *\/\n\t\t<\/style>\n\t\t<div id='gallery-1' class='gallery galleryid-558 gallery-columns-3 gallery-size-medium'><dl class='gallery-item'>\n\t\t\t<dt class='gallery-icon landscape'>\n\t\t\t\t<a data-elementor-open-lightbox=\"yes\" data-elementor-lightbox-slideshow=\"06ca969\" data-elementor-lightbox-title=\"fruestueck_1\" data-e-action-hash=\"#elementor-action%3Aaction%3Dlightbox%26settings%3DeyJpZCI6Nzg3MiwidXJsIjoiaHR0cHM6XC9cL3BlbnNpb24td2llc2VyLmF0XC93cC1jb250ZW50XC91cGxvYWRzXC8yMDI1XC8wNFwvZnJ1ZXN0dWVja18xLmpwZyIsInNsaWRlc2hvdyI6IjA2Y2E5NjkifQ%3D%3D\" href='https:\/\/pension-wieser.at\/wp-content\/uploads\/2025\/04\/fruestueck_1.jpg'><img fetchpriority=\"high\" decoding=\"async\" width=\"300\" height=\"200\" src=\"data:image\/gif;base64,R0lGODlhAQABAIAAAAAAAP\/\/\/yH5BAEAAAAALAAAAAABAAEAAAIBRAA7\" data-src=\"https:\/\/pension-wieser.at\/wp-content\/uploads\/2025\/04\/fruestueck_1-300x200.jpg\" class=\"attachment-medium size-medium lazyload\" alt=\"\" data-srcset=\"https:\/\/pension-wieser.at\/wp-content\/uploads\/2025\/04\/fruestueck_1-300x200.jpg 300w, https:\/\/pension-wieser.at\/wp-content\/uploads\/2025\/04\/fruestueck_1-768x512.jpg 768w, https:\/\/pension-wieser.at\/wp-content\/uploads\/2025\/04\/fruestueck_1-600x400.jpg 600w, https:\/\/pension-wieser.at\/wp-content\/uploads\/2025\/04\/fruestueck_1.jpg 900w\" sizes=\"(max-width: 300px) 100vw, 300px\" \/><noscript><img decoding=\"async\" width=\"300\" height=\"200\" src=\"https:\/\/pension-wieser.at\/wp-content\/uploads\/2025\/04\/fruestueck_1-300x200.jpg\" class=\"attachment-medium size-medium lazyload\" alt=\"\" srcset=\"https:\/\/pension-wieser.at\/wp-content\/uploads\/2025\/04\/fruestueck_1-300x200.jpg 300w, https:\/\/pension-wieser.at\/wp-content\/uploads\/2025\/04\/fruestueck_1-768x512.jpg 768w, https:\/\/pension-wieser.at\/wp-content\/uploads\/2025\/04\/fruestueck_1-600x400.jpg 600w, https:\/\/pension-wieser.at\/wp-content\/uploads\/2025\/04\/fruestueck_1.jpg 900w\" sizes=\"(max-width: 300px) 100vw, 300px\" \/><\/noscript><\/a>\n\t\t\t<\/dt><\/dl><dl class='gallery-item'>\n\t\t\t<dt class='gallery-icon landscape'>\n\t\t\t\t<a data-elementor-open-lightbox=\"yes\" data-elementor-lightbox-slideshow=\"06ca969\" data-elementor-lightbox-title=\"fruestueck_3\" data-e-action-hash=\"#elementor-action%3Aaction%3Dlightbox%26settings%3DeyJpZCI6Nzg3MywidXJsIjoiaHR0cHM6XC9cL3BlbnNpb24td2llc2VyLmF0XC93cC1jb250ZW50XC91cGxvYWRzXC8yMDI1XC8wNFwvZnJ1ZXN0dWVja18zLTEuanBnIiwic2xpZGVzaG93IjoiMDZjYTk2OSJ9\" href='https:\/\/pension-wieser.at\/wp-content\/uploads\/2025\/04\/fruestueck_3-1.jpg'><img decoding=\"async\" width=\"300\" height=\"200\" src=\"data:image\/gif;base64,R0lGODlhAQABAIAAAAAAAP\/\/\/yH5BAEAAAAALAAAAAABAAEAAAIBRAA7\" data-src=\"https:\/\/pension-wieser.at\/wp-content\/uploads\/2025\/04\/fruestueck_3-1-300x200.jpg\" class=\"attachment-medium size-medium lazyload\" alt=\"\" data-srcset=\"https:\/\/pension-wieser.at\/wp-content\/uploads\/2025\/04\/fruestueck_3-1-300x200.jpg 300w, https:\/\/pension-wieser.at\/wp-content\/uploads\/2025\/04\/fruestueck_3-1-768x512.jpg 768w, https:\/\/pension-wieser.at\/wp-content\/uploads\/2025\/04\/fruestueck_3-1-600x400.jpg 600w, https:\/\/pension-wieser.at\/wp-content\/uploads\/2025\/04\/fruestueck_3-1.jpg 900w\" sizes=\"(max-width: 300px) 100vw, 300px\" \/><noscript><img loading=\"lazy\" decoding=\"async\" width=\"300\" height=\"200\" src=\"https:\/\/pension-wieser.at\/wp-content\/uploads\/2025\/04\/fruestueck_3-1-300x200.jpg\" class=\"attachment-medium size-medium lazyload\" alt=\"\" srcset=\"https:\/\/pension-wieser.at\/wp-content\/uploads\/2025\/04\/fruestueck_3-1-300x200.jpg 300w, https:\/\/pension-wieser.at\/wp-content\/uploads\/2025\/04\/fruestueck_3-1-768x512.jpg 768w, https:\/\/pension-wieser.at\/wp-content\/uploads\/2025\/04\/fruestueck_3-1-600x400.jpg 600w, https:\/\/pension-wieser.at\/wp-content\/uploads\/2025\/04\/fruestueck_3-1.jpg 900w\" sizes=\"(max-width: 300px) 100vw, 300px\" \/><\/noscript><\/a>\n\t\t\t<\/dt><\/dl><dl class='gallery-item'>\n\t\t\t<dt class='gallery-icon landscape'>\n\t\t\t\t<a data-elementor-open-lightbox=\"yes\" data-elementor-lightbox-slideshow=\"06ca969\" data-elementor-lightbox-title=\"fruestueck_platte\" data-e-action-hash=\"#elementor-action%3Aaction%3Dlightbox%26settings%3DeyJpZCI6Nzg3NSwidXJsIjoiaHR0cHM6XC9cL3BlbnNpb24td2llc2VyLmF0XC93cC1jb250ZW50XC91cGxvYWRzXC8yMDI1XC8wNFwvZnJ1ZXN0dWVja19wbGF0dGUuanBnIiwic2xpZGVzaG93IjoiMDZjYTk2OSJ9\" href='https:\/\/pension-wieser.at\/wp-content\/uploads\/2025\/04\/fruestueck_platte.jpg'><img loading=\"lazy\" decoding=\"async\" width=\"300\" height=\"200\" src=\"data:image\/gif;base64,R0lGODlhAQABAIAAAAAAAP\/\/\/yH5BAEAAAAALAAAAAABAAEAAAIBRAA7\" data-src=\"https:\/\/pension-wieser.at\/wp-content\/uploads\/2025\/04\/fruestueck_platte-300x200.jpg\" class=\"attachment-medium size-medium lazyload\" alt=\"\" data-srcset=\"https:\/\/pension-wieser.at\/wp-content\/uploads\/2025\/04\/fruestueck_platte-300x200.jpg 300w, https:\/\/pension-wieser.at\/wp-content\/uploads\/2025\/04\/fruestueck_platte-768x512.jpg 768w, https:\/\/pension-wieser.at\/wp-content\/uploads\/2025\/04\/fruestueck_platte-600x400.jpg 600w, https:\/\/pension-wieser.at\/wp-content\/uploads\/2025\/04\/fruestueck_platte.jpg 900w\" sizes=\"(max-width: 300px) 100vw, 300px\" \/><noscript><img loading=\"lazy\" decoding=\"async\" width=\"300\" height=\"200\" src=\"https:\/\/pension-wieser.at\/wp-content\/uploads\/2025\/04\/fruestueck_platte-300x200.jpg\" class=\"attachment-medium size-medium lazyload\" alt=\"\" srcset=\"https:\/\/pension-wieser.at\/wp-content\/uploads\/2025\/04\/fruestueck_platte-300x200.jpg 300w, https:\/\/pension-wieser.at\/wp-content\/uploads\/2025\/04\/fruestueck_platte-768x512.jpg 768w, https:\/\/pension-wieser.at\/wp-content\/uploads\/2025\/04\/fruestueck_platte-600x400.jpg 600w, https:\/\/pension-wieser.at\/wp-content\/uploads\/2025\/04\/fruestueck_platte.jpg 900w\" sizes=\"(max-width: 300px) 100vw, 300px\" \/><\/noscript><\/a>\n\t\t\t<\/dt><\/dl><br style=\"clear: both\" \/><dl class='gallery-item'>\n\t\t\t<dt class='gallery-icon landscape'>\n\t\t\t\t<a data-elementor-open-lightbox=\"yes\" data-elementor-lightbox-slideshow=\"06ca969\" data-elementor-lightbox-title=\"fruestueck_4\" data-e-action-hash=\"#elementor-action%3Aaction%3Dlightbox%26settings%3DeyJpZCI6Nzg3NiwidXJsIjoiaHR0cHM6XC9cL3BlbnNpb24td2llc2VyLmF0XC93cC1jb250ZW50XC91cGxvYWRzXC8yMDI1XC8wNFwvZnJ1ZXN0dWVja180LmpwZyIsInNsaWRlc2hvdyI6IjA2Y2E5NjkifQ%3D%3D\" href='https:\/\/pension-wieser.at\/wp-content\/uploads\/2025\/04\/fruestueck_4.jpg'><img loading=\"lazy\" decoding=\"async\" width=\"300\" height=\"200\" src=\"data:image\/gif;base64,R0lGODlhAQABAIAAAAAAAP\/\/\/yH5BAEAAAAALAAAAAABAAEAAAIBRAA7\" data-src=\"https:\/\/pension-wieser.at\/wp-content\/uploads\/2025\/04\/fruestueck_4-300x200.jpg\" class=\"attachment-medium size-medium lazyload\" alt=\"\" data-srcset=\"https:\/\/pension-wieser.at\/wp-content\/uploads\/2025\/04\/fruestueck_4-300x200.jpg 300w, https:\/\/pension-wieser.at\/wp-content\/uploads\/2025\/04\/fruestueck_4-768x512.jpg 768w, https:\/\/pension-wieser.at\/wp-content\/uploads\/2025\/04\/fruestueck_4-600x400.jpg 600w, https:\/\/pension-wieser.at\/wp-content\/uploads\/2025\/04\/fruestueck_4.jpg 900w\" sizes=\"(max-width: 300px) 100vw, 300px\" \/><noscript><img loading=\"lazy\" decoding=\"async\" width=\"300\" height=\"200\" src=\"https:\/\/pension-wieser.at\/wp-content\/uploads\/2025\/04\/fruestueck_4-300x200.jpg\" class=\"attachment-medium size-medium lazyload\" alt=\"\" srcset=\"https:\/\/pension-wieser.at\/wp-content\/uploads\/2025\/04\/fruestueck_4-300x200.jpg 300w, https:\/\/pension-wieser.at\/wp-content\/uploads\/2025\/04\/fruestueck_4-768x512.jpg 768w, https:\/\/pension-wieser.at\/wp-content\/uploads\/2025\/04\/fruestueck_4-600x400.jpg 600w, https:\/\/pension-wieser.at\/wp-content\/uploads\/2025\/04\/fruestueck_4.jpg 900w\" sizes=\"(max-width: 300px) 100vw, 300px\" \/><\/noscript><\/a>\n\t\t\t<\/dt><\/dl><dl class='gallery-item'>\n\t\t\t<dt class='gallery-icon landscape'>\n\t\t\t\t<a data-elementor-open-lightbox=\"yes\" data-elementor-lightbox-slideshow=\"06ca969\" data-elementor-lightbox-title=\"fruestueck_gebaeck\" data-e-action-hash=\"#elementor-action%3Aaction%3Dlightbox%26settings%3DeyJpZCI6Nzg3NywidXJsIjoiaHR0cHM6XC9cL3BlbnNpb24td2llc2VyLmF0XC93cC1jb250ZW50XC91cGxvYWRzXC8yMDI1XC8wNFwvZnJ1ZXN0dWVja19nZWJhZWNrLmpwZyIsInNsaWRlc2hvdyI6IjA2Y2E5NjkifQ%3D%3D\" href='https:\/\/pension-wieser.at\/wp-content\/uploads\/2025\/04\/fruestueck_gebaeck.jpg'><img loading=\"lazy\" decoding=\"async\" width=\"300\" height=\"200\" src=\"data:image\/gif;base64,R0lGODlhAQABAIAAAAAAAP\/\/\/yH5BAEAAAAALAAAAAABAAEAAAIBRAA7\" data-src=\"https:\/\/pension-wieser.at\/wp-content\/uploads\/2025\/04\/fruestueck_gebaeck-300x200.jpg\" class=\"attachment-medium size-medium lazyload\" alt=\"\" data-srcset=\"https:\/\/pension-wieser.at\/wp-content\/uploads\/2025\/04\/fruestueck_gebaeck-300x200.jpg 300w, https:\/\/pension-wieser.at\/wp-content\/uploads\/2025\/04\/fruestueck_gebaeck-768x512.jpg 768w, https:\/\/pension-wieser.at\/wp-content\/uploads\/2025\/04\/fruestueck_gebaeck-600x400.jpg 600w, https:\/\/pension-wieser.at\/wp-content\/uploads\/2025\/04\/fruestueck_gebaeck.jpg 900w\" sizes=\"(max-width: 300px) 100vw, 300px\" \/><noscript><img loading=\"lazy\" decoding=\"async\" width=\"300\" height=\"200\" src=\"https:\/\/pension-wieser.at\/wp-content\/uploads\/2025\/04\/fruestueck_gebaeck-300x200.jpg\" class=\"attachment-medium size-medium lazyload\" alt=\"\" srcset=\"https:\/\/pension-wieser.at\/wp-content\/uploads\/2025\/04\/fruestueck_gebaeck-300x200.jpg 300w, https:\/\/pension-wieser.at\/wp-content\/uploads\/2025\/04\/fruestueck_gebaeck-768x512.jpg 768w, https:\/\/pension-wieser.at\/wp-content\/uploads\/2025\/04\/fruestueck_gebaeck-600x400.jpg 600w, https:\/\/pension-wieser.at\/wp-content\/uploads\/2025\/04\/fruestueck_gebaeck.jpg 900w\" sizes=\"(max-width: 300px) 100vw, 300px\" \/><\/noscript><\/a>\n\t\t\t<\/dt><\/dl>\n\t\t\t<br style='clear: both' \/>\n\t\t<\/div>\n\t\t<\/div>\n\t\t\t\t\t\t<\/div>\n\t\t\t\t<\/div>\n\t\t\t\t\t<\/div>\n\t\t<\/div>\n\t\t\t\t\t<\/div>\n\t\t<\/section>\n\t\t\t\t<\/div>\n\t\t","protected":false},"excerpt":{"rendered":"<p>Fr\u00fchst\u00fcck Fr\u00fchst\u00fcck Genie\u00dfen Sie t\u00e4glich unser reichhaltiges Fr\u00fchst\u00fccksbuffet. \u00a0 Fr\u00fchst\u00fccken ist f\u00fcr uns mehr als die erste Nahrungsaufnahme des Tages. Bei uns fr\u00fchst\u00fcckt nicht nur der Mund, sondern auch das Auge. \u00a0 Robert \u2013 gelernter Koch \u2013 bereitet das Fr\u00fchst\u00fcck mit viel Liebe und Vielfalt zu. Auf Wunsch ber\u00fccksichtigt er gerne individuelle Bed\u00fcrfnisse, etwa bei [&hellip;]<\/p>\n","protected":false},"author":1,"featured_media":0,"parent":0,"menu_order":0,"comment_status":"closed","ping_status":"closed","template":"","meta":{"footnotes":""},"class_list":["post-558","page","type-page","status-publish","hentry"],"yoast_head":"<!-- This site is optimized with the Yoast SEO plugin v25.2 - https:\/\/yoast.com\/wordpress\/plugins\/seo\/ -->\n<title>Fr\u00fchst\u00fcck - Pension Wieser \u2013 Ihre Pension im Salzburger Land nahe Salzburg<\/title>\n<meta name=\"robots\" content=\"index, follow, max-snippet:-1, max-image-preview:large, max-video-preview:-1\" \/>\n<link rel=\"canonical\" href=\"https:\/\/pension-wieser.at\/de\/fruehstueck\/\" \/>\n<meta property=\"og:locale\" content=\"de_DE\" \/>\n<meta property=\"og:type\" content=\"article\" \/>\n<meta property=\"og:title\" content=\"Fr\u00fchst\u00fcck - Pension Wieser \u2013 Ihre Pension im Salzburger Land nahe Salzburg\" \/>\n<meta property=\"og:description\" content=\"Fr\u00fchst\u00fcck Fr\u00fchst\u00fcck Genie\u00dfen Sie t\u00e4glich unser reichhaltiges Fr\u00fchst\u00fccksbuffet. \u00a0 Fr\u00fchst\u00fccken ist f\u00fcr uns mehr als die erste Nahrungsaufnahme des Tages. Bei uns fr\u00fchst\u00fcckt nicht nur der Mund, sondern auch das Auge. \u00a0 Robert \u2013 gelernter Koch \u2013 bereitet das Fr\u00fchst\u00fcck mit viel Liebe und Vielfalt zu. Auf Wunsch ber\u00fccksichtigt er gerne individuelle Bed\u00fcrfnisse, etwa bei [&hellip;]\" \/>\n<meta property=\"og:url\" content=\"https:\/\/pension-wieser.at\/de\/fruehstueck\/\" \/>\n<meta property=\"og:site_name\" content=\"Pension Wieser \u2013 Ihre Pension im Salzburger Land nahe Salzburg\" \/>\n<meta property=\"article:modified_time\" content=\"2025-05-29T00:10:29+00:00\" \/>\n<meta property=\"og:image\" content=\"http:\/\/pension-wieser.at\/wp-content\/uploads\/2025\/04\/fruestueck_1-300x200.jpg\" \/>\n<meta name=\"twitter:card\" content=\"summary_large_image\" \/>\n<meta name=\"twitter:label1\" content=\"Gesch\u00e4tzte Lesezeit\" \/>\n\t<meta name=\"twitter:data1\" content=\"1 Minute\" \/>\n<script type=\"application\/ld+json\" class=\"yoast-schema-graph\">{\"@context\":\"https:\/\/schema.org\",\"@graph\":[{\"@type\":\"WebPage\",\"@id\":\"https:\/\/pension-wieser.at\/fruehstueck\/\",\"url\":\"https:\/\/pension-wieser.at\/fruehstueck\/\",\"name\":\"Fr\u00fchst\u00fcck - Pension Wieser \u2013 Ihre Pension im Salzburger Land nahe Salzburg\",\"isPartOf\":{\"@id\":\"https:\/\/pension-wieser.at\/de\/#website\"},\"primaryImageOfPage\":{\"@id\":\"https:\/\/pension-wieser.at\/fruehstueck\/#primaryimage\"},\"image\":{\"@id\":\"https:\/\/pension-wieser.at\/fruehstueck\/#primaryimage\"},\"thumbnailUrl\":\"http:\/\/pension-wieser.at\/wp-content\/uploads\/2025\/04\/fruestueck_1-300x200.jpg\",\"datePublished\":\"2021-04-01T08:07:14+00:00\",\"dateModified\":\"2025-05-29T00:10:29+00:00\",\"breadcrumb\":{\"@id\":\"https:\/\/pension-wieser.at\/fruehstueck\/#breadcrumb\"},\"inLanguage\":\"de-AT\",\"potentialAction\":[{\"@type\":\"ReadAction\",\"target\":[\"https:\/\/pension-wieser.at\/fruehstueck\/\"]}]},{\"@type\":\"ImageObject\",\"inLanguage\":\"de-AT\",\"@id\":\"https:\/\/pension-wieser.at\/fruehstueck\/#primaryimage\",\"url\":\"http:\/\/pension-wieser.at\/wp-content\/uploads\/2025\/04\/fruestueck_1-300x200.jpg\",\"contentUrl\":\"http:\/\/pension-wieser.at\/wp-content\/uploads\/2025\/04\/fruestueck_1-300x200.jpg\"},{\"@type\":\"BreadcrumbList\",\"@id\":\"https:\/\/pension-wieser.at\/fruehstueck\/#breadcrumb\",\"itemListElement\":[{\"@type\":\"ListItem\",\"position\":1,\"name\":\"Startseite\",\"item\":\"https:\/\/pension-wieser.at\/de\/\"},{\"@type\":\"ListItem\",\"position\":2,\"name\":\"Fr\u00fchst\u00fcck\"}]},{\"@type\":\"WebSite\",\"@id\":\"https:\/\/pension-wieser.at\/de\/#website\",\"url\":\"https:\/\/pension-wieser.at\/de\/\",\"name\":\"Pension Wieser \u2013 Ihre Pension im Salzburger Land nahe Salzburg\",\"description\":\"Gem\u00fctliche Zimmer, famili\u00e4re Atmosph\u00e4re und ideale Lage nahe Salzburg.\",\"publisher\":{\"@id\":\"https:\/\/pension-wieser.at\/de\/#organization\"},\"potentialAction\":[{\"@type\":\"SearchAction\",\"target\":{\"@type\":\"EntryPoint\",\"urlTemplate\":\"https:\/\/pension-wieser.at\/de\/?s={search_term_string}\"},\"query-input\":{\"@type\":\"PropertyValueSpecification\",\"valueRequired\":true,\"valueName\":\"search_term_string\"}}],\"inLanguage\":\"de-AT\"},{\"@type\":\"Organization\",\"@id\":\"https:\/\/pension-wieser.at\/de\/#organization\",\"name\":\"Pension Wieser \u2013 Ihre Pension im Salzburger Land nahe Salzburg\",\"url\":\"https:\/\/pension-wieser.at\/de\/\",\"logo\":{\"@type\":\"ImageObject\",\"inLanguage\":\"de-AT\",\"@id\":\"https:\/\/pension-wieser.at\/de\/#\/schema\/logo\/image\/\",\"url\":\"https:\/\/pension-wieser.at\/wp-content\/uploads\/2025\/04\/logo-wieser.png\",\"contentUrl\":\"https:\/\/pension-wieser.at\/wp-content\/uploads\/2025\/04\/logo-wieser.png\",\"width\":180,\"height\":100,\"caption\":\"Pension Wieser \u2013 Ihre Pension im Salzburger Land nahe Salzburg\"},\"image\":{\"@id\":\"https:\/\/pension-wieser.at\/de\/#\/schema\/logo\/image\/\"}}]}<\/script>\n<!-- \/ Yoast SEO plugin. -->","yoast_head_json":{"title":"Fr\u00fchst\u00fcck - Pension Wieser \u2013 Ihre Pension im Salzburger Land nahe Salzburg","robots":{"index":"index","follow":"follow","max-snippet":"max-snippet:-1","max-image-preview":"max-image-preview:large","max-video-preview":"max-video-preview:-1"},"canonical":"https:\/\/pension-wieser.at\/de\/fruehstueck\/","og_locale":"de_DE","og_type":"article","og_title":"Fr\u00fchst\u00fcck - Pension Wieser \u2013 Ihre Pension im Salzburger Land nahe Salzburg","og_description":"Fr\u00fchst\u00fcck Fr\u00fchst\u00fcck Genie\u00dfen Sie t\u00e4glich unser reichhaltiges Fr\u00fchst\u00fccksbuffet. \u00a0 Fr\u00fchst\u00fccken ist f\u00fcr uns mehr als die erste Nahrungsaufnahme des Tages. Bei uns fr\u00fchst\u00fcckt nicht nur der Mund, sondern auch das Auge. \u00a0 Robert \u2013 gelernter Koch \u2013 bereitet das Fr\u00fchst\u00fcck mit viel Liebe und Vielfalt zu. Auf Wunsch ber\u00fccksichtigt er gerne individuelle Bed\u00fcrfnisse, etwa bei [&hellip;]","og_url":"https:\/\/pension-wieser.at\/de\/fruehstueck\/","og_site_name":"Pension Wieser \u2013 Ihre Pension im Salzburger Land nahe Salzburg","article_modified_time":"2025-05-29T00:10:29+00:00","og_image":[{"url":"http:\/\/pension-wieser.at\/wp-content\/uploads\/2025\/04\/fruestueck_1-300x200.jpg","type":"","width":"","height":""}],"twitter_card":"summary_large_image","twitter_misc":{"Gesch\u00e4tzte Lesezeit":"1 Minute"},"schema":{"@context":"https:\/\/schema.org","@graph":[{"@type":"WebPage","@id":"https:\/\/pension-wieser.at\/fruehstueck\/","url":"https:\/\/pension-wieser.at\/fruehstueck\/","name":"Fr\u00fchst\u00fcck - Pension Wieser \u2013 Ihre Pension im Salzburger Land nahe Salzburg","isPartOf":{"@id":"https:\/\/pension-wieser.at\/de\/#website"},"primaryImageOfPage":{"@id":"https:\/\/pension-wieser.at\/fruehstueck\/#primaryimage"},"image":{"@id":"https:\/\/pension-wieser.at\/fruehstueck\/#primaryimage"},"thumbnailUrl":"http:\/\/pension-wieser.at\/wp-content\/uploads\/2025\/04\/fruestueck_1-300x200.jpg","datePublished":"2021-04-01T08:07:14+00:00","dateModified":"2025-05-29T00:10:29+00:00","breadcrumb":{"@id":"https:\/\/pension-wieser.at\/fruehstueck\/#breadcrumb"},"inLanguage":"de-AT","potentialAction":[{"@type":"ReadAction","target":["https:\/\/pension-wieser.at\/fruehstueck\/"]}]},{"@type":"ImageObject","inLanguage":"de-AT","@id":"https:\/\/pension-wieser.at\/fruehstueck\/#primaryimage","url":"http:\/\/pension-wieser.at\/wp-content\/uploads\/2025\/04\/fruestueck_1-300x200.jpg","contentUrl":"http:\/\/pension-wieser.at\/wp-content\/uploads\/2025\/04\/fruestueck_1-300x200.jpg"},{"@type":"BreadcrumbList","@id":"https:\/\/pension-wieser.at\/fruehstueck\/#breadcrumb","itemListElement":[{"@type":"ListItem","position":1,"name":"Startseite","item":"https:\/\/pension-wieser.at\/de\/"},{"@type":"ListItem","position":2,"name":"Fr\u00fchst\u00fcck"}]},{"@type":"WebSite","@id":"https:\/\/pension-wieser.at\/de\/#website","url":"https:\/\/pension-wieser.at\/de\/","name":"Pension Wieser \u2013 Ihre Pension im Salzburger Land nahe Salzburg","description":"Gem\u00fctliche Zimmer, famili\u00e4re Atmosph\u00e4re und ideale Lage nahe Salzburg.","publisher":{"@id":"https:\/\/pension-wieser.at\/de\/#organization"},"potentialAction":[{"@type":"SearchAction","target":{"@type":"EntryPoint","urlTemplate":"https:\/\/pension-wieser.at\/de\/?s={search_term_string}"},"query-input":{"@type":"PropertyValueSpecification","valueRequired":true,"valueName":"search_term_string"}}],"inLanguage":"de-AT"},{"@type":"Organization","@id":"https:\/\/pension-wieser.at\/de\/#organization","name":"Pension Wieser \u2013 Ihre Pension im Salzburger Land nahe Salzburg","url":"https:\/\/pension-wieser.at\/de\/","logo":{"@type":"ImageObject","inLanguage":"de-AT","@id":"https:\/\/pension-wieser.at\/de\/#\/schema\/logo\/image\/","url":"https:\/\/pension-wieser.at\/wp-content\/uploads\/2025\/04\/logo-wieser.png","contentUrl":"https:\/\/pension-wieser.at\/wp-content\/uploads\/2025\/04\/logo-wieser.png","width":180,"height":100,"caption":"Pension Wieser \u2013 Ihre Pension im Salzburger Land nahe Salzburg"},"image":{"@id":"https:\/\/pension-wieser.at\/de\/#\/schema\/logo\/image\/"}}]}},"_links":{"self":[{"href":"https:\/\/pension-wieser.at\/de\/wp-json\/wp\/v2\/pages\/558","targetHints":{"allow":["GET"]}}],"collection":[{"href":"https:\/\/pension-wieser.at\/de\/wp-json\/wp\/v2\/pages"}],"about":[{"href":"https:\/\/pension-wieser.at\/de\/wp-json\/wp\/v2\/types\/page"}],"author":[{"embeddable":true,"href":"https:\/\/pension-wieser.at\/de\/wp-json\/wp\/v2\/users\/1"}],"replies":[{"embeddable":true,"href":"https:\/\/pension-wieser.at\/de\/wp-json\/wp\/v2\/comments?post=558"}],"version-history":[{"count":19,"href":"https:\/\/pension-wieser.at\/de\/wp-json\/wp\/v2\/pages\/558\/revisions"}],"predecessor-version":[{"id":8428,"href":"https:\/\/pension-wieser.at\/de\/wp-json\/wp\/v2\/pages\/558\/revisions\/8428"}],"wp:attachment":[{"href":"https:\/\/pension-wieser.at\/de\/wp-json\/wp\/v2\/media?parent=558"}],"curies":[{"name":"wp","href":"https:\/\/api.w.org\/{rel}","templated":true}]}}