{"id":7926,"date":"2025-04-22T12:37:58","date_gmt":"2025-04-22T10:37:58","guid":{"rendered":"http:\/\/wieser.2k-media.de\/?page_id=7926"},"modified":"2025-04-22T12:46:03","modified_gmt":"2025-04-22T10:46:03","slug":"veranstaltungen","status":"publish","type":"page","link":"https:\/\/pension-wieser.at\/de\/veranstaltungen\/","title":{"rendered":"Veranstaltungen"},"content":{"rendered":"\t\t<div data-elementor-type=\"wp-page\" data-elementor-id=\"7926\" class=\"elementor elementor-7926\" data-elementor-post-type=\"page\">\n\t\t\t\t\t\t<section class=\"elementor-section elementor-top-section elementor-element elementor-element-45a632bf elementor-section-stretched elementor-section-content-middle elementor-section-height-min-height elementor-section-boxed elementor-section-height-default elementor-section-items-middle\" data-id=\"45a632bf\" data-element_type=\"section\" data-settings=\"{&quot;stretch_section&quot;:&quot;section-stretched&quot;,&quot;background_background&quot;:&quot;classic&quot;}\">\n\t\t\t\t\t\t\t<div class=\"elementor-background-overlay\"><\/div>\n\t\t\t\t\t\t\t<div class=\"elementor-container elementor-column-gap-default\">\n\t\t\t\t\t<div class=\"elementor-column elementor-col-100 elementor-top-column elementor-element elementor-element-7ed7bcea\" data-id=\"7ed7bcea\" data-element_type=\"column\">\n\t\t\t<div class=\"elementor-widget-wrap elementor-element-populated\">\n\t\t\t\t\t\t<div class=\"elementor-element elementor-element-3af9efd8 elementor-widget elementor-widget-heading\" data-id=\"3af9efd8\" data-element_type=\"widget\" data-widget_type=\"heading.default\">\n\t\t\t\t<div class=\"elementor-widget-container\">\n\t\t\t\t\t<h1 class=\"elementor-heading-title elementor-size-default\">Veranstaltungen<\/h1>\t\t\t\t<\/div>\n\t\t\t\t<\/div>\n\t\t\t\t\t<\/div>\n\t\t<\/div>\n\t\t\t\t\t<\/div>\n\t\t<\/section>\n\t\t\t\t<section class=\"elementor-section elementor-top-section elementor-element elementor-element-1671d32 elementor-section-stretched elementor-section-full_width elementor-section-height-default elementor-section-height-default\" data-id=\"1671d32\" data-element_type=\"section\" data-settings=\"{&quot;stretch_section&quot;:&quot;section-stretched&quot;,&quot;background_background&quot;:&quot;classic&quot;}\">\n\t\t\t\t\t\t<div class=\"elementor-container elementor-column-gap-default\">\n\t\t\t\t\t<div class=\"elementor-column elementor-col-100 elementor-top-column elementor-element elementor-element-07d8ff9\" data-id=\"07d8ff9\" data-element_type=\"column\">\n\t\t\t<div class=\"elementor-widget-wrap elementor-element-populated\">\n\t\t\t\t\t\t<div class=\"elementor-element elementor-element-1e02b54 elementor-widget elementor-widget-html\" data-id=\"1e02b54\" data-element_type=\"widget\" data-widget_type=\"html.default\">\n\t\t\t\t<div class=\"elementor-widget-container\">\n\t\t\t\t\t<iframe class=\"lazyload\" data-src=\"https:\/\/web5.deskline.net\/TENNENGAU\/bc4c887b-abb0-4b28-ae8e-030b57d860d6\/de#\/veranstaltungen\" width=\"100%\" height=\"1300\" frameborder=\"0\" scrolling=\"auto\"><\/iframe>\t\t\t\t<\/div>\n\t\t\t\t<\/div>\n\t\t\t\t\t<\/div>\n\t\t<\/div>\n\t\t\t\t\t<\/div>\n\t\t<\/section>\n\t\t\t\t<\/div>\n\t\t","protected":false},"excerpt":{"rendered":"<p>Veranstaltungen<\/p>\n","protected":false},"author":1,"featured_media":0,"parent":0,"menu_order":0,"comment_status":"closed","ping_status":"closed","template":"","meta":{"footnotes":""},"class_list":["post-7926","page","type-page","status-publish","hentry"],"yoast_head":"<!-- This site is optimized with the Yoast SEO plugin v25.2 - https:\/\/yoast.com\/wordpress\/plugins\/seo\/ -->\n<title>Veranstaltungen - Pension Wieser \u2013 Ihre Pension im Salzburger Land nahe Salzburg<\/title>\n<meta name=\"robots\" content=\"index, follow, max-snippet:-1, max-image-preview:large, max-video-preview:-1\" \/>\n<link rel=\"canonical\" href=\"https:\/\/pension-wieser.at\/de\/veranstaltungen\/\" \/>\n<meta property=\"og:locale\" content=\"de_DE\" \/>\n<meta property=\"og:type\" content=\"article\" \/>\n<meta property=\"og:title\" content=\"Veranstaltungen - Pension Wieser \u2013 Ihre Pension im Salzburger Land nahe Salzburg\" \/>\n<meta property=\"og:description\" content=\"Veranstaltungen\" \/>\n<meta property=\"og:url\" content=\"https:\/\/pension-wieser.at\/de\/veranstaltungen\/\" \/>\n<meta property=\"og:site_name\" content=\"Pension Wieser \u2013 Ihre Pension im Salzburger Land nahe Salzburg\" \/>\n<meta property=\"article:modified_time\" content=\"2025-04-22T10:46:03+00:00\" \/>\n<meta name=\"twitter:card\" content=\"summary_large_image\" \/>\n<script type=\"application\/ld+json\" class=\"yoast-schema-graph\">{\"@context\":\"https:\/\/schema.org\",\"@graph\":[{\"@type\":\"WebPage\",\"@id\":\"https:\/\/pension-wieser.at\/veranstaltungen\/\",\"url\":\"https:\/\/pension-wieser.at\/veranstaltungen\/\",\"name\":\"Veranstaltungen - Pension Wieser \u2013 Ihre Pension im Salzburger Land nahe Salzburg\",\"isPartOf\":{\"@id\":\"https:\/\/pension-wieser.at\/de\/#website\"},\"datePublished\":\"2025-04-22T10:37:58+00:00\",\"dateModified\":\"2025-04-22T10:46:03+00:00\",\"breadcrumb\":{\"@id\":\"https:\/\/pension-wieser.at\/veranstaltungen\/#breadcrumb\"},\"inLanguage\":\"de-AT\",\"potentialAction\":[{\"@type\":\"ReadAction\",\"target\":[\"https:\/\/pension-wieser.at\/veranstaltungen\/\"]}]},{\"@type\":\"BreadcrumbList\",\"@id\":\"https:\/\/pension-wieser.at\/veranstaltungen\/#breadcrumb\",\"itemListElement\":[{\"@type\":\"ListItem\",\"position\":1,\"name\":\"Startseite\",\"item\":\"https:\/\/pension-wieser.at\/de\/\"},{\"@type\":\"ListItem\",\"position\":2,\"name\":\"Veranstaltungen\"}]},{\"@type\":\"WebSite\",\"@id\":\"https:\/\/pension-wieser.at\/de\/#website\",\"url\":\"https:\/\/pension-wieser.at\/de\/\",\"name\":\"Pension Wieser \u2013 Ihre Pension im Salzburger Land nahe Salzburg\",\"description\":\"Gem\u00fctliche Zimmer, famili\u00e4re Atmosph\u00e4re und ideale Lage nahe Salzburg.\",\"publisher\":{\"@id\":\"https:\/\/pension-wieser.at\/de\/#organization\"},\"potentialAction\":[{\"@type\":\"SearchAction\",\"target\":{\"@type\":\"EntryPoint\",\"urlTemplate\":\"https:\/\/pension-wieser.at\/de\/?s={search_term_string}\"},\"query-input\":{\"@type\":\"PropertyValueSpecification\",\"valueRequired\":true,\"valueName\":\"search_term_string\"}}],\"inLanguage\":\"de-AT\"},{\"@type\":\"Organization\",\"@id\":\"https:\/\/pension-wieser.at\/de\/#organization\",\"name\":\"Pension Wieser \u2013 Ihre Pension im Salzburger Land nahe Salzburg\",\"url\":\"https:\/\/pension-wieser.at\/de\/\",\"logo\":{\"@type\":\"ImageObject\",\"inLanguage\":\"de-AT\",\"@id\":\"https:\/\/pension-wieser.at\/de\/#\/schema\/logo\/image\/\",\"url\":\"https:\/\/pension-wieser.at\/wp-content\/uploads\/2025\/04\/logo-wieser.png\",\"contentUrl\":\"https:\/\/pension-wieser.at\/wp-content\/uploads\/2025\/04\/logo-wieser.png\",\"width\":180,\"height\":100,\"caption\":\"Pension Wieser \u2013 Ihre Pension im Salzburger Land nahe Salzburg\"},\"image\":{\"@id\":\"https:\/\/pension-wieser.at\/de\/#\/schema\/logo\/image\/\"}}]}<\/script>\n<!-- \/ Yoast SEO plugin. -->","yoast_head_json":{"title":"Veranstaltungen - Pension Wieser \u2013 Ihre Pension im Salzburger Land nahe Salzburg","robots":{"index":"index","follow":"follow","max-snippet":"max-snippet:-1","max-image-preview":"max-image-preview:large","max-video-preview":"max-video-preview:-1"},"canonical":"https:\/\/pension-wieser.at\/de\/veranstaltungen\/","og_locale":"de_DE","og_type":"article","og_title":"Veranstaltungen - Pension Wieser \u2013 Ihre Pension im Salzburger Land nahe Salzburg","og_description":"Veranstaltungen","og_url":"https:\/\/pension-wieser.at\/de\/veranstaltungen\/","og_site_name":"Pension Wieser \u2013 Ihre Pension im Salzburger Land nahe Salzburg","article_modified_time":"2025-04-22T10:46:03+00:00","twitter_card":"summary_large_image","schema":{"@context":"https:\/\/schema.org","@graph":[{"@type":"WebPage","@id":"https:\/\/pension-wieser.at\/veranstaltungen\/","url":"https:\/\/pension-wieser.at\/veranstaltungen\/","name":"Veranstaltungen - Pension Wieser \u2013 Ihre Pension im Salzburger Land nahe Salzburg","isPartOf":{"@id":"https:\/\/pension-wieser.at\/de\/#website"},"datePublished":"2025-04-22T10:37:58+00:00","dateModified":"2025-04-22T10:46:03+00:00","breadcrumb":{"@id":"https:\/\/pension-wieser.at\/veranstaltungen\/#breadcrumb"},"inLanguage":"de-AT","potentialAction":[{"@type":"ReadAction","target":["https:\/\/pension-wieser.at\/veranstaltungen\/"]}]},{"@type":"BreadcrumbList","@id":"https:\/\/pension-wieser.at\/veranstaltungen\/#breadcrumb","itemListElement":[{"@type":"ListItem","position":1,"name":"Startseite","item":"https:\/\/pension-wieser.at\/de\/"},{"@type":"ListItem","position":2,"name":"Veranstaltungen"}]},{"@type":"WebSite","@id":"https:\/\/pension-wieser.at\/de\/#website","url":"https:\/\/pension-wieser.at\/de\/","name":"Pension Wieser \u2013 Ihre Pension im Salzburger Land nahe Salzburg","description":"Gem\u00fctliche Zimmer, famili\u00e4re Atmosph\u00e4re und ideale Lage nahe Salzburg.","publisher":{"@id":"https:\/\/pension-wieser.at\/de\/#organization"},"potentialAction":[{"@type":"SearchAction","target":{"@type":"EntryPoint","urlTemplate":"https:\/\/pension-wieser.at\/de\/?s={search_term_string}"},"query-input":{"@type":"PropertyValueSpecification","valueRequired":true,"valueName":"search_term_string"}}],"inLanguage":"de-AT"},{"@type":"Organization","@id":"https:\/\/pension-wieser.at\/de\/#organization","name":"Pension Wieser \u2013 Ihre Pension im Salzburger Land nahe Salzburg","url":"https:\/\/pension-wieser.at\/de\/","logo":{"@type":"ImageObject","inLanguage":"de-AT","@id":"https:\/\/pension-wieser.at\/de\/#\/schema\/logo\/image\/","url":"https:\/\/pension-wieser.at\/wp-content\/uploads\/2025\/04\/logo-wieser.png","contentUrl":"https:\/\/pension-wieser.at\/wp-content\/uploads\/2025\/04\/logo-wieser.png","width":180,"height":100,"caption":"Pension Wieser \u2013 Ihre Pension im Salzburger Land nahe Salzburg"},"image":{"@id":"https:\/\/pension-wieser.at\/de\/#\/schema\/logo\/image\/"}}]}},"_links":{"self":[{"href":"https:\/\/pension-wieser.at\/de\/wp-json\/wp\/v2\/pages\/7926","targetHints":{"allow":["GET"]}}],"collection":[{"href":"https:\/\/pension-wieser.at\/de\/wp-json\/wp\/v2\/pages"}],"about":[{"href":"https:\/\/pension-wieser.at\/de\/wp-json\/wp\/v2\/types\/page"}],"author":[{"embeddable":true,"href":"https:\/\/pension-wieser.at\/de\/wp-json\/wp\/v2\/users\/1"}],"replies":[{"embeddable":true,"href":"https:\/\/pension-wieser.at\/de\/wp-json\/wp\/v2\/comments?post=7926"}],"version-history":[{"count":4,"href":"https:\/\/pension-wieser.at\/de\/wp-json\/wp\/v2\/pages\/7926\/revisions"}],"predecessor-version":[{"id":7933,"href":"https:\/\/pension-wieser.at\/de\/wp-json\/wp\/v2\/pages\/7926\/revisions\/7933"}],"wp:attachment":[{"href":"https:\/\/pension-wieser.at\/de\/wp-json\/wp\/v2\/media?parent=7926"}],"curies":[{"name":"wp","href":"https:\/\/api.w.org\/{rel}","templated":true}]}}