{"id":412,"date":"2021-03-30T08:26:15","date_gmt":"2021-03-30T08:26:15","guid":{"rendered":"http:\/\/www.nicdarkthemes.com\/themes\/seafood\/wp\/demo\/seafood\/?page_id=412"},"modified":"2025-05-29T02:13:57","modified_gmt":"2025-05-29T00:13:57","slug":"about-us","status":"publish","type":"page","link":"https:\/\/pension-wieser.at\/en\/about-us\/","title":{"rendered":"About us"},"content":{"rendered":"<div data-elementor-type=\"wp-page\" data-elementor-id=\"412\" class=\"elementor elementor-412\" data-elementor-post-type=\"page\">\n\t\t\t\t\t\t<section class=\"elementor-section elementor-top-section elementor-element elementor-element-45a632bf elementor-section-stretched elementor-section-content-middle elementor-section-boxed elementor-section-height-default elementor-section-height-default\" data-id=\"45a632bf\" data-element_type=\"section\" data-settings=\"{&quot;stretch_section&quot;:&quot;section-stretched&quot;,&quot;background_background&quot;:&quot;classic&quot;}\">\n\t\t\t\t\t\t\t<div class=\"elementor-background-overlay\"><\/div>\n\t\t\t\t\t\t\t<div class=\"elementor-container elementor-column-gap-default\">\n\t\t\t\t\t<div class=\"elementor-column elementor-col-100 elementor-top-column elementor-element elementor-element-7ed7bcea\" data-id=\"7ed7bcea\" data-element_type=\"column\">\n\t\t\t<div class=\"elementor-widget-wrap elementor-element-populated\">\n\t\t\t\t\t\t<div class=\"elementor-element elementor-element-3af9efd8 elementor-widget elementor-widget-heading\" data-id=\"3af9efd8\" data-element_type=\"widget\" data-widget_type=\"heading.default\">\n\t\t\t\t<div class=\"elementor-widget-container\">\n\t\t\t\t\t<h1 class=\"elementor-heading-title elementor-size-default\">About US<\/h1>\t\t\t\t<\/div>\n\t\t\t\t<\/div>\n\t\t\t\t\t<\/div>\n\t\t<\/div>\n\t\t\t\t\t<\/div>\n\t\t<\/section>\n\t\t\t\t<section class=\"elementor-section elementor-top-section elementor-element elementor-element-1671d32 elementor-section-stretched elementor-section-boxed elementor-section-height-default elementor-section-height-default\" data-id=\"1671d32\" data-element_type=\"section\" data-settings=\"{&quot;stretch_section&quot;:&quot;section-stretched&quot;,&quot;background_background&quot;:&quot;classic&quot;}\">\n\t\t\t\t\t\t<div class=\"elementor-container elementor-column-gap-default\">\n\t\t\t\t\t<div class=\"elementor-column elementor-col-100 elementor-top-column elementor-element elementor-element-07d8ff9\" data-id=\"07d8ff9\" data-element_type=\"column\">\n\t\t\t<div class=\"elementor-widget-wrap elementor-element-populated\">\n\t\t\t\t\t\t<div class=\"elementor-element elementor-element-400e24a elementor-widget elementor-widget-heading\" data-id=\"400e24a\" data-element_type=\"widget\" data-widget_type=\"heading.default\">\n\t\t\t\t<div class=\"elementor-widget-container\">\n\t\t\t\t\t<h5 class=\"elementor-heading-title elementor-size-default\">Family business in the second generation<\/h5>\t\t\t\t<\/div>\n\t\t\t\t<\/div>\n\t\t\t\t<div class=\"elementor-element elementor-element-9a3f0bb elementor-widget elementor-widget-heading\" data-id=\"9a3f0bb\" data-element_type=\"widget\" data-widget_type=\"heading.default\">\n\t\t\t\t<div class=\"elementor-widget-container\">\n\t\t\t\t\t<h2 class=\"elementor-heading-title elementor-size-default\">About us<\/h2>\t\t\t\t<\/div>\n\t\t\t\t<\/div>\n\t\t\t\t<div class=\"elementor-element elementor-element-7f2e594 elementor-widget elementor-widget-text-editor\" data-id=\"7f2e594\" data-element_type=\"widget\" data-widget_type=\"text-editor.default\">\n\t\t\t\t<div class=\"elementor-widget-container\">\n\t\t\t\t\t\t\t\t\t<p>Our hotel has been welcoming guests from all over the world for 60 years now. Some have become regular guests and friends over the years.<\/p><p>\u00a0<\/p><p><em><strong>Hospitality connects generations. <\/strong><\/em><\/p><p>\u00a0<\/p><p>Robert and Inge are the second generation to run our business. They are joined by their two now grown-up children Irina and Janis, as well as grandma Gerlinde, who, as the senior boss, kindly lends us a helping hand when things get busy.<\/p><p>\u00a0<\/p><p>A particularly cuddly cat also lives in our home. In this respect, we not only attach great importance to hospitality, but also to animal welfare.<\/p><div class=\"gk-photo-grid no-margin\">\u00a0<\/div><div id=\"urban-overlay\" style=\"left: -10px; top: -10px; width: 0px; height: 0px;\">\u00a0<\/div><div id=\"urban-overlay\" style=\"left: -10px; top: -10px; width: 0px; height: 0px;\">\u00a0<\/div><div id=\"urban-overlay\" style=\"left: -10px; top: -10px; width: 0px; height: 0px;\">\u00a0<\/div><div id=\"urban-overlay\" style=\"left: -10px; top: -10px; width: 0px; height: 0px;\">\u00a0<\/div>\t\t\t\t\t\t\t\t<\/div>\n\t\t\t\t<\/div>\n\t\t\t\t<div class=\"elementor-element elementor-element-9ad41af elementor-widget elementor-widget-image\" data-id=\"9ad41af\" data-element_type=\"widget\" data-widget_type=\"image.default\">\n\t\t\t\t<div class=\"elementor-widget-container\">\n\t\t\t\t\t\t\t\t\t\t\t\t\t\t\t<img fetchpriority=\"high\" decoding=\"async\" width=\"900\" height=\"599\" src=\"data:image\/gif;base64,R0lGODlhAQABAIAAAAAAAP\/\/\/yH5BAEAAAAALAAAAAABAAEAAAIBRAA7\" data-src=\"https:\/\/pension-wieser.at\/wp-content\/uploads\/2025\/04\/familie.jpg\" class=\"attachment-large size-large wp-image-7712 lazyload\" alt=\"\" data-srcset=\"https:\/\/pension-wieser.at\/wp-content\/uploads\/2025\/04\/familie.jpg 900w, https:\/\/pension-wieser.at\/wp-content\/uploads\/2025\/04\/familie-300x200.jpg 300w, https:\/\/pension-wieser.at\/wp-content\/uploads\/2025\/04\/familie-768x511.jpg 768w, https:\/\/pension-wieser.at\/wp-content\/uploads\/2025\/04\/familie-600x399.jpg 600w\" sizes=\"(max-width: 900px) 100vw, 900px\" \/><noscript><img decoding=\"async\" width=\"900\" height=\"599\" src=\"https:\/\/pension-wieser.at\/wp-content\/uploads\/2025\/04\/familie.jpg\" class=\"attachment-large size-large wp-image-7712 lazyload\" alt=\"\" srcset=\"https:\/\/pension-wieser.at\/wp-content\/uploads\/2025\/04\/familie.jpg 900w, https:\/\/pension-wieser.at\/wp-content\/uploads\/2025\/04\/familie-300x200.jpg 300w, https:\/\/pension-wieser.at\/wp-content\/uploads\/2025\/04\/familie-768x511.jpg 768w, https:\/\/pension-wieser.at\/wp-content\/uploads\/2025\/04\/familie-600x399.jpg 600w\" sizes=\"(max-width: 900px) 100vw, 900px\" \/><\/noscript>\t\t\t\t\t\t\t\t\t\t\t\t\t\t\t<\/div>\n\t\t\t\t<\/div>\n\t\t\t\t\t<\/div>\n\t\t<\/div>\n\t\t\t\t\t<\/div>\n\t\t<\/section>\n\t\t\t\t<\/div>","protected":false},"excerpt":{"rendered":"<p>\u00dcber UNS Familienbetrieb in zweiter Generation \u00dcber uns Unser Haus beherbergt seit mittlerweile 60 Jahren G\u00e4ste aus aller Welt. Einige sind \u00fcber die Jahre gern gesehene Stammg\u00e4ste und Freund:innen geworden. \u00a0 Gastfreundschaft verbindet Generationen. \u00a0 Unser Betrieb wird in zweiter Generation von Robert und Inge gef\u00fchrt. Mit dabei sind ihre beiden mittlerweile erwachsenen Kinder Irina [&hellip;]<\/p>","protected":false},"author":1,"featured_media":0,"parent":0,"menu_order":0,"comment_status":"closed","ping_status":"closed","template":"","meta":{"footnotes":""},"class_list":["post-412","page","type-page","status-publish","hentry"],"yoast_head":"<!-- This site is optimized with the Yoast SEO plugin v25.2 - https:\/\/yoast.com\/wordpress\/plugins\/seo\/ -->\n<title>\u00dcber Uns - Pension Wieser \u2013 Ihre Pension im Salzburger Land nahe Salzburg<\/title>\n<meta name=\"robots\" content=\"index, follow, max-snippet:-1, max-image-preview:large, max-video-preview:-1\" \/>\n<link rel=\"canonical\" href=\"https:\/\/pension-wieser.at\/en\/about-us\/\" \/>\n<meta property=\"og:locale\" content=\"en_US\" \/>\n<meta property=\"og:type\" content=\"article\" \/>\n<meta property=\"og:title\" content=\"\u00dcber Uns - Pension Wieser \u2013 Ihre Pension im Salzburger Land nahe Salzburg\" \/>\n<meta property=\"og:description\" content=\"\u00dcber UNS Familienbetrieb in zweiter Generation \u00dcber uns Unser Haus beherbergt seit mittlerweile 60 Jahren G\u00e4ste aus aller Welt. Einige sind \u00fcber die Jahre gern gesehene Stammg\u00e4ste und Freund:innen geworden. \u00a0 Gastfreundschaft verbindet Generationen. \u00a0 Unser Betrieb wird in zweiter Generation von Robert und Inge gef\u00fchrt. Mit dabei sind ihre beiden mittlerweile erwachsenen Kinder Irina [&hellip;]\" \/>\n<meta property=\"og:url\" content=\"https:\/\/pension-wieser.at\/en\/about-us\/\" \/>\n<meta property=\"og:site_name\" content=\"Pension Wieser \u2013 Ihre Pension im Salzburger Land nahe Salzburg\" \/>\n<meta property=\"article:modified_time\" content=\"2025-05-29T00:13:57+00:00\" \/>\n<meta property=\"og:image\" content=\"http:\/\/pension-wieser.at\/wp-content\/uploads\/2025\/04\/familie.jpg\" \/>\n<meta name=\"twitter:card\" content=\"summary_large_image\" \/>\n<script type=\"application\/ld+json\" class=\"yoast-schema-graph\">{\"@context\":\"https:\/\/schema.org\",\"@graph\":[{\"@type\":\"WebPage\",\"@id\":\"https:\/\/pension-wieser.at\/ueber-uns\/\",\"url\":\"https:\/\/pension-wieser.at\/ueber-uns\/\",\"name\":\"\u00dcber Uns - Pension Wieser \u2013 Ihre Pension im Salzburger Land nahe Salzburg\",\"isPartOf\":{\"@id\":\"https:\/\/pension-wieser.at\/de\/#website\"},\"primaryImageOfPage\":{\"@id\":\"https:\/\/pension-wieser.at\/ueber-uns\/#primaryimage\"},\"image\":{\"@id\":\"https:\/\/pension-wieser.at\/ueber-uns\/#primaryimage\"},\"thumbnailUrl\":\"http:\/\/pension-wieser.at\/wp-content\/uploads\/2025\/04\/familie.jpg\",\"datePublished\":\"2021-03-30T08:26:15+00:00\",\"dateModified\":\"2025-05-29T00:13:57+00:00\",\"breadcrumb\":{\"@id\":\"https:\/\/pension-wieser.at\/ueber-uns\/#breadcrumb\"},\"inLanguage\":\"en-US\",\"potentialAction\":[{\"@type\":\"ReadAction\",\"target\":[\"https:\/\/pension-wieser.at\/ueber-uns\/\"]}]},{\"@type\":\"ImageObject\",\"inLanguage\":\"en-US\",\"@id\":\"https:\/\/pension-wieser.at\/ueber-uns\/#primaryimage\",\"url\":\"http:\/\/pension-wieser.at\/wp-content\/uploads\/2025\/04\/familie.jpg\",\"contentUrl\":\"http:\/\/pension-wieser.at\/wp-content\/uploads\/2025\/04\/familie.jpg\"},{\"@type\":\"BreadcrumbList\",\"@id\":\"https:\/\/pension-wieser.at\/ueber-uns\/#breadcrumb\",\"itemListElement\":[{\"@type\":\"ListItem\",\"position\":1,\"name\":\"Startseite\",\"item\":\"https:\/\/pension-wieser.at\/de\/\"},{\"@type\":\"ListItem\",\"position\":2,\"name\":\"\u00dcber Uns\"}]},{\"@type\":\"WebSite\",\"@id\":\"https:\/\/pension-wieser.at\/de\/#website\",\"url\":\"https:\/\/pension-wieser.at\/de\/\",\"name\":\"Pension Wieser \u2013 Ihre Pension im Salzburger Land nahe Salzburg\",\"description\":\"Gem\u00fctliche Zimmer, famili\u00e4re Atmosph\u00e4re und ideale Lage nahe Salzburg.\",\"publisher\":{\"@id\":\"https:\/\/pension-wieser.at\/de\/#organization\"},\"potentialAction\":[{\"@type\":\"SearchAction\",\"target\":{\"@type\":\"EntryPoint\",\"urlTemplate\":\"https:\/\/pension-wieser.at\/de\/?s={search_term_string}\"},\"query-input\":{\"@type\":\"PropertyValueSpecification\",\"valueRequired\":true,\"valueName\":\"search_term_string\"}}],\"inLanguage\":\"en-US\"},{\"@type\":\"Organization\",\"@id\":\"https:\/\/pension-wieser.at\/de\/#organization\",\"name\":\"Pension Wieser \u2013 Ihre Pension im Salzburger Land nahe Salzburg\",\"url\":\"https:\/\/pension-wieser.at\/de\/\",\"logo\":{\"@type\":\"ImageObject\",\"inLanguage\":\"en-US\",\"@id\":\"https:\/\/pension-wieser.at\/de\/#\/schema\/logo\/image\/\",\"url\":\"https:\/\/pension-wieser.at\/wp-content\/uploads\/2025\/04\/logo-wieser.png\",\"contentUrl\":\"https:\/\/pension-wieser.at\/wp-content\/uploads\/2025\/04\/logo-wieser.png\",\"width\":180,\"height\":100,\"caption\":\"Pension Wieser \u2013 Ihre Pension im Salzburger Land nahe Salzburg\"},\"image\":{\"@id\":\"https:\/\/pension-wieser.at\/de\/#\/schema\/logo\/image\/\"}}]}<\/script>\n<!-- \/ Yoast SEO plugin. -->","yoast_head_json":{"title":"\u00dcber Uns - Pension Wieser \u2013 Ihre Pension im Salzburger Land nahe Salzburg","robots":{"index":"index","follow":"follow","max-snippet":"max-snippet:-1","max-image-preview":"max-image-preview:large","max-video-preview":"max-video-preview:-1"},"canonical":"https:\/\/pension-wieser.at\/en\/about-us\/","og_locale":"en_US","og_type":"article","og_title":"\u00dcber Uns - Pension Wieser \u2013 Ihre Pension im Salzburger Land nahe Salzburg","og_description":"\u00dcber UNS Familienbetrieb in zweiter Generation \u00dcber uns Unser Haus beherbergt seit mittlerweile 60 Jahren G\u00e4ste aus aller Welt. Einige sind \u00fcber die Jahre gern gesehene Stammg\u00e4ste und Freund:innen geworden. \u00a0 Gastfreundschaft verbindet Generationen. \u00a0 Unser Betrieb wird in zweiter Generation von Robert und Inge gef\u00fchrt. Mit dabei sind ihre beiden mittlerweile erwachsenen Kinder Irina [&hellip;]","og_url":"https:\/\/pension-wieser.at\/en\/about-us\/","og_site_name":"Pension Wieser \u2013 Ihre Pension im Salzburger Land nahe Salzburg","article_modified_time":"2025-05-29T00:13:57+00:00","og_image":[{"url":"http:\/\/pension-wieser.at\/wp-content\/uploads\/2025\/04\/familie.jpg","type":"","width":"","height":""}],"twitter_card":"summary_large_image","schema":{"@context":"https:\/\/schema.org","@graph":[{"@type":"WebPage","@id":"https:\/\/pension-wieser.at\/ueber-uns\/","url":"https:\/\/pension-wieser.at\/ueber-uns\/","name":"\u00dcber Uns - Pension Wieser \u2013 Ihre Pension im Salzburger Land nahe Salzburg","isPartOf":{"@id":"https:\/\/pension-wieser.at\/de\/#website"},"primaryImageOfPage":{"@id":"https:\/\/pension-wieser.at\/ueber-uns\/#primaryimage"},"image":{"@id":"https:\/\/pension-wieser.at\/ueber-uns\/#primaryimage"},"thumbnailUrl":"http:\/\/pension-wieser.at\/wp-content\/uploads\/2025\/04\/familie.jpg","datePublished":"2021-03-30T08:26:15+00:00","dateModified":"2025-05-29T00:13:57+00:00","breadcrumb":{"@id":"https:\/\/pension-wieser.at\/ueber-uns\/#breadcrumb"},"inLanguage":"en-US","potentialAction":[{"@type":"ReadAction","target":["https:\/\/pension-wieser.at\/ueber-uns\/"]}]},{"@type":"ImageObject","inLanguage":"en-US","@id":"https:\/\/pension-wieser.at\/ueber-uns\/#primaryimage","url":"http:\/\/pension-wieser.at\/wp-content\/uploads\/2025\/04\/familie.jpg","contentUrl":"http:\/\/pension-wieser.at\/wp-content\/uploads\/2025\/04\/familie.jpg"},{"@type":"BreadcrumbList","@id":"https:\/\/pension-wieser.at\/ueber-uns\/#breadcrumb","itemListElement":[{"@type":"ListItem","position":1,"name":"Startseite","item":"https:\/\/pension-wieser.at\/de\/"},{"@type":"ListItem","position":2,"name":"\u00dcber Uns"}]},{"@type":"WebSite","@id":"https:\/\/pension-wieser.at\/de\/#website","url":"https:\/\/pension-wieser.at\/de\/","name":"Pension Wieser \u2013 Ihre Pension im Salzburger Land nahe Salzburg","description":"Gem\u00fctliche Zimmer, famili\u00e4re Atmosph\u00e4re und ideale Lage nahe Salzburg.","publisher":{"@id":"https:\/\/pension-wieser.at\/de\/#organization"},"potentialAction":[{"@type":"SearchAction","target":{"@type":"EntryPoint","urlTemplate":"https:\/\/pension-wieser.at\/de\/?s={search_term_string}"},"query-input":{"@type":"PropertyValueSpecification","valueRequired":true,"valueName":"search_term_string"}}],"inLanguage":"en-US"},{"@type":"Organization","@id":"https:\/\/pension-wieser.at\/de\/#organization","name":"Pension Wieser \u2013 Ihre Pension im Salzburger Land nahe Salzburg","url":"https:\/\/pension-wieser.at\/de\/","logo":{"@type":"ImageObject","inLanguage":"en-US","@id":"https:\/\/pension-wieser.at\/de\/#\/schema\/logo\/image\/","url":"https:\/\/pension-wieser.at\/wp-content\/uploads\/2025\/04\/logo-wieser.png","contentUrl":"https:\/\/pension-wieser.at\/wp-content\/uploads\/2025\/04\/logo-wieser.png","width":180,"height":100,"caption":"Pension Wieser \u2013 Ihre Pension im Salzburger Land nahe Salzburg"},"image":{"@id":"https:\/\/pension-wieser.at\/de\/#\/schema\/logo\/image\/"}}]}},"_links":{"self":[{"href":"https:\/\/pension-wieser.at\/en\/wp-json\/wp\/v2\/pages\/412","targetHints":{"allow":["GET"]}}],"collection":[{"href":"https:\/\/pension-wieser.at\/en\/wp-json\/wp\/v2\/pages"}],"about":[{"href":"https:\/\/pension-wieser.at\/en\/wp-json\/wp\/v2\/types\/page"}],"author":[{"embeddable":true,"href":"https:\/\/pension-wieser.at\/en\/wp-json\/wp\/v2\/users\/1"}],"replies":[{"embeddable":true,"href":"https:\/\/pension-wieser.at\/en\/wp-json\/wp\/v2\/comments?post=412"}],"version-history":[{"count":37,"href":"https:\/\/pension-wieser.at\/en\/wp-json\/wp\/v2\/pages\/412\/revisions"}],"predecessor-version":[{"id":8431,"href":"https:\/\/pension-wieser.at\/en\/wp-json\/wp\/v2\/pages\/412\/revisions\/8431"}],"wp:attachment":[{"href":"https:\/\/pension-wieser.at\/en\/wp-json\/wp\/v2\/media?parent=412"}],"curies":[{"name":"wp","href":"https:\/\/api.w.org\/{rel}","templated":true}]}}