{"id":8436,"date":"2025-05-29T02:36:20","date_gmt":"2025-05-29T00:36:20","guid":{"rendered":"https:\/\/pension-wieser.at\/?page_id=8436"},"modified":"2025-05-29T02:45:58","modified_gmt":"2025-05-29T00:45:58","slug":"impronta","status":"publish","type":"page","link":"https:\/\/pension-wieser.at\/it\/impronta\/","title":{"rendered":"Impronta"},"content":{"rendered":"<div data-elementor-type=\"wp-page\" data-elementor-id=\"8436\" class=\"elementor elementor-8436\" data-elementor-post-type=\"page\">\n\t\t\t\t\t\t<section class=\"elementor-section elementor-top-section elementor-element elementor-element-45a632bf elementor-section-stretched elementor-section-content-middle elementor-section-boxed elementor-section-height-default elementor-section-height-default\" data-id=\"45a632bf\" data-element_type=\"section\" data-settings=\"{&quot;stretch_section&quot;:&quot;section-stretched&quot;,&quot;background_background&quot;:&quot;classic&quot;}\">\n\t\t\t\t\t\t\t<div class=\"elementor-background-overlay\"><\/div>\n\t\t\t\t\t\t\t<div class=\"elementor-container elementor-column-gap-default\">\n\t\t\t\t\t<div class=\"elementor-column elementor-col-100 elementor-top-column elementor-element elementor-element-7ed7bcea\" data-id=\"7ed7bcea\" data-element_type=\"column\">\n\t\t\t<div class=\"elementor-widget-wrap elementor-element-populated\">\n\t\t\t\t\t\t<div class=\"elementor-element elementor-element-3af9efd8 elementor-widget elementor-widget-heading\" data-id=\"3af9efd8\" data-element_type=\"widget\" data-widget_type=\"heading.default\">\n\t\t\t\t<div class=\"elementor-widget-container\">\n\t\t\t\t\t<h1 class=\"elementor-heading-title elementor-size-default\">IMPRONTA<\/h1>\t\t\t\t<\/div>\n\t\t\t\t<\/div>\n\t\t\t\t\t<\/div>\n\t\t<\/div>\n\t\t\t\t\t<\/div>\n\t\t<\/section>\n\t\t\t\t<section class=\"elementor-section elementor-top-section elementor-element elementor-element-1671d32 elementor-section-stretched elementor-section-boxed elementor-section-height-default elementor-section-height-default\" data-id=\"1671d32\" data-element_type=\"section\" data-settings=\"{&quot;stretch_section&quot;:&quot;section-stretched&quot;,&quot;background_background&quot;:&quot;classic&quot;}\">\n\t\t\t\t\t\t<div class=\"elementor-container elementor-column-gap-default\">\n\t\t\t\t\t<div class=\"elementor-column elementor-col-100 elementor-top-column elementor-element elementor-element-07d8ff9\" data-id=\"07d8ff9\" data-element_type=\"column\">\n\t\t\t<div class=\"elementor-widget-wrap elementor-element-populated\">\n\t\t\t\t\t\t<div class=\"elementor-element elementor-element-9a3f0bb elementor-widget elementor-widget-heading\" data-id=\"9a3f0bb\" data-element_type=\"widget\" data-widget_type=\"heading.default\">\n\t\t\t\t<div class=\"elementor-widget-container\">\n\t\t\t\t\t<h2 class=\"elementor-heading-title elementor-size-default\">IMPRONTA<\/h2>\t\t\t\t<\/div>\n\t\t\t\t<\/div>\n\t\t\t\t<div class=\"elementor-element elementor-element-7f2e594 elementor-widget elementor-widget-text-editor\" data-id=\"7f2e594\" data-element_type=\"widget\" data-widget_type=\"text-editor.default\">\n\t\t\t\t<div class=\"elementor-widget-container\">\n\t\t\t\t\t\t\t\t\t<p>I contenuti di questo sito web sono stati accuratamente compilati e controllati. Tuttavia, non \u00e8 possibile fornire alcuna garanzia per quanto riguarda la correttezza, la completezza, la funzionalit\u00e0, l'attualit\u00e0 e la costante disponibilit\u00e0. Tutte le informazioni sono fornite senza garanzia. Il nostro sito web contiene link a siti esterni. Non ci assumiamo alcuna responsabilit\u00e0 per questi contenuti esterni, che sono di competenza del rispettivo gestore del sito.<\/p><p>\u00a0<\/p><p><em><strong>Fornitore di servizi e proprietario di media:<\/strong><\/em><\/p><p>Robert Wieser<\/p><p>\u00a0<\/p><p><em><strong>Oggetto della societ\u00e0:<\/strong><\/em><br \/>Consulenza gestionale, compresa l'organizzazione aziendale, il marketing e le vendite<\/p><p>\u00a0<\/p><p><em><strong>Linea fogliare:<\/strong><\/em><br \/>Informazioni per chi si trova nella fase di avvio o nei primi anni dopo la creazione della propria attivit\u00e0.<\/p><p>\u00a0<\/p><p><em><strong>Sede:<\/strong><\/em><br \/>Mercato 116<br \/>5440 Golling an der Salzach<\/p><p>\u00a0<\/p><p><em><strong>e-mail:<\/strong> <\/em>pension-wieser@aon.at<br \/><em><strong>Tel:<\/strong><\/em> +43 6244 4438<br \/><em><strong>Mob:<\/strong><\/em> +43 664 3535273<br \/><em><strong>Web:<\/strong><\/em> https:\/\/pension-wieser.at<\/p><p>\u00a0<\/p><p><em><strong>GLN:<\/strong><\/em><br \/>9110011277832<\/p><p>\u00a0<\/p><p><em><strong>FG Industria alberghiera<\/strong><\/em><\/p><p style=\"padding-left: 40px;\"><strong>Formulazione commerciale<\/strong><br \/>Attivit\u00e0 ricettiva ai sensi del \u00a7 124 Z. 8 GewO 1994, tipo di attivit\u00e0: bed and breakfast, licenze ai sensi del \u00a7 142 (1) Z.1 GewO 1994<\/p><p style=\"padding-left: 40px;\"><br \/><strong>Gestione in base al diritto commerciale<\/strong><br \/>&#8211;<\/p><p style=\"padding-left: 40px;\"><br \/><strong>Figura GISA<\/strong><br \/>17969895<\/p><p style=\"padding-left: 40px;\"><br \/><strong>Professione<br \/><\/strong>Bed and breakfast<\/p><p style=\"padding-left: 40px;\"><br \/><strong>Autorit\u00e0 ai sensi della legge sul commercio elettronico (ECG)<\/strong><br \/>Amministrazione distrettuale Hallein<\/p><p style=\"padding-left: 40px;\"><br \/><strong>Indirizzo<\/strong><br \/>5440 Golling an der Salzach, Markt 116<\/p><p style=\"padding-left: 40px;\"><br \/><strong>data<\/strong><br \/>Dal 23 marzo 1998 (pu\u00f2 differire dalla data di fondazione)<\/p><p>\u00a0<\/p><p><em><strong>Link alla pagina WKO:<\/strong><\/em><br \/><a href=\"https:\/\/firmen.wko.at\/robert-wieser\/salzburg\/?firmaid=3998e982-d925-4cac-bf73-b20ff8882369\" target=\"_blank\" rel=\"noopener\">Robert Wieser<\/a><\/p><p>\u00a0<\/p><p><em><strong>Web design e grafica:<\/strong><\/em><br \/>Robert Kern<\/p><p>\u00a0<\/p><p>Tutti i contenuti di questa pagina sono soggetti al mio copyright.<br \/>Qualsiasi utilizzo dei contenuti di questo sito richiede un'espressa autorizzazione. <br \/>Robert Wieser non si assume alcuna responsabilit\u00e0 per il contenuto delle pagine collegate.<\/p>\t\t\t\t\t\t\t\t<\/div>\n\t\t\t\t<\/div>\n\t\t\t\t\t<\/div>\n\t\t<\/div>\n\t\t\t\t\t<\/div>\n\t\t<\/section>\n\t\t\t\t<\/div>","protected":false},"excerpt":{"rendered":"<p>IMPRESSUM IMPRESSUM Die Inhalte dieser Website wurden sorgf\u00e4ltig zusammengestellt und \u00fcberpr\u00fcft. Es kann jedoch keine Garantie hinsichtlich Richtigkeit, Vollst\u00e4ndigkeit, Funktionalit\u00e4t, Aktualit\u00e4t und st\u00e4ndiger Verf\u00fcgbarkeit gegeben werden. Alle Angaben erfolgen ohne Gew\u00e4hr. Auf unserer Seite befinden sich Links zu externen Webseiten. Wir k\u00f6nnen f\u00fcr diese fremden Inhalte keine Haftung \u00fcbernehmen, die Verantwortung f\u00fcr diese tr\u00e4gt der [&hellip;]<\/p>","protected":false},"author":1,"featured_media":0,"parent":0,"menu_order":0,"comment_status":"closed","ping_status":"closed","template":"","meta":{"footnotes":""},"class_list":["post-8436","page","type-page","status-publish","hentry"],"yoast_head":"<!-- This site is optimized with the Yoast SEO plugin v25.2 - https:\/\/yoast.com\/wordpress\/plugins\/seo\/ -->\n<title>Impressum - Pension Wieser \u2013 Ihre Pension im Salzburger Land nahe Salzburg<\/title>\n<meta name=\"robots\" content=\"index, follow, max-snippet:-1, max-image-preview:large, max-video-preview:-1\" \/>\n<link rel=\"canonical\" href=\"https:\/\/pension-wieser.at\/it\/impronta\/\" \/>\n<meta property=\"og:locale\" content=\"it_IT\" \/>\n<meta property=\"og:type\" content=\"article\" \/>\n<meta property=\"og:title\" content=\"Impressum - Pension Wieser \u2013 Ihre Pension im Salzburger Land nahe Salzburg\" \/>\n<meta property=\"og:description\" content=\"IMPRESSUM IMPRESSUM Die Inhalte dieser Website wurden sorgf\u00e4ltig zusammengestellt und \u00fcberpr\u00fcft. Es kann jedoch keine Garantie hinsichtlich Richtigkeit, Vollst\u00e4ndigkeit, Funktionalit\u00e4t, Aktualit\u00e4t und st\u00e4ndiger Verf\u00fcgbarkeit gegeben werden. Alle Angaben erfolgen ohne Gew\u00e4hr. Auf unserer Seite befinden sich Links zu externen Webseiten. Wir k\u00f6nnen f\u00fcr diese fremden Inhalte keine Haftung \u00fcbernehmen, die Verantwortung f\u00fcr diese tr\u00e4gt der [&hellip;]\" \/>\n<meta property=\"og:url\" content=\"https:\/\/pension-wieser.at\/it\/impronta\/\" \/>\n<meta property=\"og:site_name\" content=\"Pension Wieser \u2013 Ihre Pension im Salzburger Land nahe Salzburg\" \/>\n<meta property=\"article:modified_time\" content=\"2025-05-29T00:45:58+00:00\" \/>\n<meta name=\"twitter:card\" content=\"summary_large_image\" \/>\n<meta name=\"twitter:label1\" content=\"Tempo di lettura stimato\" \/>\n\t<meta name=\"twitter:data1\" content=\"1 minuto\" \/>\n<script type=\"application\/ld+json\" class=\"yoast-schema-graph\">{\"@context\":\"https:\/\/schema.org\",\"@graph\":[{\"@type\":\"WebPage\",\"@id\":\"https:\/\/pension-wieser.at\/impressum\/\",\"url\":\"https:\/\/pension-wieser.at\/impressum\/\",\"name\":\"Impressum - Pension Wieser \u2013 Ihre Pension im Salzburger Land nahe Salzburg\",\"isPartOf\":{\"@id\":\"https:\/\/pension-wieser.at\/de\/#website\"},\"datePublished\":\"2025-05-29T00:36:20+00:00\",\"dateModified\":\"2025-05-29T00:45:58+00:00\",\"breadcrumb\":{\"@id\":\"https:\/\/pension-wieser.at\/impressum\/#breadcrumb\"},\"inLanguage\":\"it-IT\",\"potentialAction\":[{\"@type\":\"ReadAction\",\"target\":[\"https:\/\/pension-wieser.at\/impressum\/\"]}]},{\"@type\":\"BreadcrumbList\",\"@id\":\"https:\/\/pension-wieser.at\/impressum\/#breadcrumb\",\"itemListElement\":[{\"@type\":\"ListItem\",\"position\":1,\"name\":\"Startseite\",\"item\":\"https:\/\/pension-wieser.at\/de\/\"},{\"@type\":\"ListItem\",\"position\":2,\"name\":\"Impressum\"}]},{\"@type\":\"WebSite\",\"@id\":\"https:\/\/pension-wieser.at\/de\/#website\",\"url\":\"https:\/\/pension-wieser.at\/de\/\",\"name\":\"Pension Wieser \u2013 Ihre Pension im Salzburger Land nahe Salzburg\",\"description\":\"Gem\u00fctliche Zimmer, famili\u00e4re Atmosph\u00e4re und ideale Lage nahe Salzburg.\",\"publisher\":{\"@id\":\"https:\/\/pension-wieser.at\/de\/#organization\"},\"potentialAction\":[{\"@type\":\"SearchAction\",\"target\":{\"@type\":\"EntryPoint\",\"urlTemplate\":\"https:\/\/pension-wieser.at\/de\/?s={search_term_string}\"},\"query-input\":{\"@type\":\"PropertyValueSpecification\",\"valueRequired\":true,\"valueName\":\"search_term_string\"}}],\"inLanguage\":\"it-IT\"},{\"@type\":\"Organization\",\"@id\":\"https:\/\/pension-wieser.at\/de\/#organization\",\"name\":\"Pension Wieser \u2013 Ihre Pension im Salzburger Land nahe Salzburg\",\"url\":\"https:\/\/pension-wieser.at\/de\/\",\"logo\":{\"@type\":\"ImageObject\",\"inLanguage\":\"it-IT\",\"@id\":\"https:\/\/pension-wieser.at\/de\/#\/schema\/logo\/image\/\",\"url\":\"https:\/\/pension-wieser.at\/wp-content\/uploads\/2025\/04\/logo-wieser.png\",\"contentUrl\":\"https:\/\/pension-wieser.at\/wp-content\/uploads\/2025\/04\/logo-wieser.png\",\"width\":180,\"height\":100,\"caption\":\"Pension Wieser \u2013 Ihre Pension im Salzburger Land nahe Salzburg\"},\"image\":{\"@id\":\"https:\/\/pension-wieser.at\/de\/#\/schema\/logo\/image\/\"}}]}<\/script>\n<!-- \/ Yoast SEO plugin. -->","yoast_head_json":{"title":"Impressum - Pension Wieser \u2013 Ihre Pension im Salzburger Land nahe Salzburg","robots":{"index":"index","follow":"follow","max-snippet":"max-snippet:-1","max-image-preview":"max-image-preview:large","max-video-preview":"max-video-preview:-1"},"canonical":"https:\/\/pension-wieser.at\/it\/impronta\/","og_locale":"it_IT","og_type":"article","og_title":"Impressum - Pension Wieser \u2013 Ihre Pension im Salzburger Land nahe Salzburg","og_description":"IMPRESSUM IMPRESSUM Die Inhalte dieser Website wurden sorgf\u00e4ltig zusammengestellt und \u00fcberpr\u00fcft. Es kann jedoch keine Garantie hinsichtlich Richtigkeit, Vollst\u00e4ndigkeit, Funktionalit\u00e4t, Aktualit\u00e4t und st\u00e4ndiger Verf\u00fcgbarkeit gegeben werden. Alle Angaben erfolgen ohne Gew\u00e4hr. Auf unserer Seite befinden sich Links zu externen Webseiten. Wir k\u00f6nnen f\u00fcr diese fremden Inhalte keine Haftung \u00fcbernehmen, die Verantwortung f\u00fcr diese tr\u00e4gt der [&hellip;]","og_url":"https:\/\/pension-wieser.at\/it\/impronta\/","og_site_name":"Pension Wieser \u2013 Ihre Pension im Salzburger Land nahe Salzburg","article_modified_time":"2025-05-29T00:45:58+00:00","twitter_card":"summary_large_image","twitter_misc":{"Tempo di lettura stimato":"1 minuto"},"schema":{"@context":"https:\/\/schema.org","@graph":[{"@type":"WebPage","@id":"https:\/\/pension-wieser.at\/impressum\/","url":"https:\/\/pension-wieser.at\/impressum\/","name":"Impressum - Pension Wieser \u2013 Ihre Pension im Salzburger Land nahe Salzburg","isPartOf":{"@id":"https:\/\/pension-wieser.at\/de\/#website"},"datePublished":"2025-05-29T00:36:20+00:00","dateModified":"2025-05-29T00:45:58+00:00","breadcrumb":{"@id":"https:\/\/pension-wieser.at\/impressum\/#breadcrumb"},"inLanguage":"it-IT","potentialAction":[{"@type":"ReadAction","target":["https:\/\/pension-wieser.at\/impressum\/"]}]},{"@type":"BreadcrumbList","@id":"https:\/\/pension-wieser.at\/impressum\/#breadcrumb","itemListElement":[{"@type":"ListItem","position":1,"name":"Startseite","item":"https:\/\/pension-wieser.at\/de\/"},{"@type":"ListItem","position":2,"name":"Impressum"}]},{"@type":"WebSite","@id":"https:\/\/pension-wieser.at\/de\/#website","url":"https:\/\/pension-wieser.at\/de\/","name":"Pension Wieser \u2013 Ihre Pension im Salzburger Land nahe Salzburg","description":"Gem\u00fctliche Zimmer, famili\u00e4re Atmosph\u00e4re und ideale Lage nahe Salzburg.","publisher":{"@id":"https:\/\/pension-wieser.at\/de\/#organization"},"potentialAction":[{"@type":"SearchAction","target":{"@type":"EntryPoint","urlTemplate":"https:\/\/pension-wieser.at\/de\/?s={search_term_string}"},"query-input":{"@type":"PropertyValueSpecification","valueRequired":true,"valueName":"search_term_string"}}],"inLanguage":"it-IT"},{"@type":"Organization","@id":"https:\/\/pension-wieser.at\/de\/#organization","name":"Pension Wieser \u2013 Ihre Pension im Salzburger Land nahe Salzburg","url":"https:\/\/pension-wieser.at\/de\/","logo":{"@type":"ImageObject","inLanguage":"it-IT","@id":"https:\/\/pension-wieser.at\/de\/#\/schema\/logo\/image\/","url":"https:\/\/pension-wieser.at\/wp-content\/uploads\/2025\/04\/logo-wieser.png","contentUrl":"https:\/\/pension-wieser.at\/wp-content\/uploads\/2025\/04\/logo-wieser.png","width":180,"height":100,"caption":"Pension Wieser \u2013 Ihre Pension im Salzburger Land nahe Salzburg"},"image":{"@id":"https:\/\/pension-wieser.at\/de\/#\/schema\/logo\/image\/"}}]}},"_links":{"self":[{"href":"https:\/\/pension-wieser.at\/it\/wp-json\/wp\/v2\/pages\/8436","targetHints":{"allow":["GET"]}}],"collection":[{"href":"https:\/\/pension-wieser.at\/it\/wp-json\/wp\/v2\/pages"}],"about":[{"href":"https:\/\/pension-wieser.at\/it\/wp-json\/wp\/v2\/types\/page"}],"author":[{"embeddable":true,"href":"https:\/\/pension-wieser.at\/it\/wp-json\/wp\/v2\/users\/1"}],"replies":[{"embeddable":true,"href":"https:\/\/pension-wieser.at\/it\/wp-json\/wp\/v2\/comments?post=8436"}],"version-history":[{"count":4,"href":"https:\/\/pension-wieser.at\/it\/wp-json\/wp\/v2\/pages\/8436\/revisions"}],"predecessor-version":[{"id":8445,"href":"https:\/\/pension-wieser.at\/it\/wp-json\/wp\/v2\/pages\/8436\/revisions\/8445"}],"wp:attachment":[{"href":"https:\/\/pension-wieser.at\/it\/wp-json\/wp\/v2\/media?parent=8436"}],"curies":[{"name":"wp","href":"https:\/\/api.w.org\/{rel}","templated":true}]}}